{"id":4358,"date":"2024-11-06T12:31:11","date_gmt":"2024-11-06T12:31:11","guid":{"rendered":"https:\/\/www.dialxl.com\/?page_id=4358"},"modified":"2025-01-07T10:18:12","modified_gmt":"2025-01-07T10:18:12","slug":"features","status":"publish","type":"page","link":"https:\/\/www.dialxl.com\/de\/features\/","title":{"rendered":"Funktionen"},"content":{"rendered":"<div data-elementor-type=\"wp-page\" data-elementor-id=\"4358\" class=\"elementor elementor-4358\" data-elementor-settings=\"{&quot;element_pack_global_tooltip_width&quot;:{&quot;unit&quot;:&quot;px&quot;,&quot;size&quot;:&quot;&quot;,&quot;sizes&quot;:[]},&quot;element_pack_global_tooltip_width_tablet&quot;:{&quot;unit&quot;:&quot;px&quot;,&quot;size&quot;:&quot;&quot;,&quot;sizes&quot;:[]},&quot;element_pack_global_tooltip_width_mobile&quot;:{&quot;unit&quot;:&quot;px&quot;,&quot;size&quot;:&quot;&quot;,&quot;sizes&quot;:[]},&quot;element_pack_global_tooltip_padding&quot;:{&quot;unit&quot;:&quot;px&quot;,&quot;top&quot;:&quot;&quot;,&quot;right&quot;:&quot;&quot;,&quot;bottom&quot;:&quot;&quot;,&quot;left&quot;:&quot;&quot;,&quot;isLinked&quot;:true},&quot;element_pack_global_tooltip_padding_tablet&quot;:{&quot;unit&quot;:&quot;px&quot;,&quot;top&quot;:&quot;&quot;,&quot;right&quot;:&quot;&quot;,&quot;bottom&quot;:&quot;&quot;,&quot;left&quot;:&quot;&quot;,&quot;isLinked&quot;:true},&quot;element_pack_global_tooltip_padding_mobile&quot;:{&quot;unit&quot;:&quot;px&quot;,&quot;top&quot;:&quot;&quot;,&quot;right&quot;:&quot;&quot;,&quot;bottom&quot;:&quot;&quot;,&quot;left&quot;:&quot;&quot;,&quot;isLinked&quot;:true},&quot;element_pack_global_tooltip_border_radius&quot;:{&quot;unit&quot;:&quot;px&quot;,&quot;top&quot;:&quot;&quot;,&quot;right&quot;:&quot;&quot;,&quot;bottom&quot;:&quot;&quot;,&quot;left&quot;:&quot;&quot;,&quot;isLinked&quot;:true},&quot;element_pack_global_tooltip_border_radius_tablet&quot;:{&quot;unit&quot;:&quot;px&quot;,&quot;top&quot;:&quot;&quot;,&quot;right&quot;:&quot;&quot;,&quot;bottom&quot;:&quot;&quot;,&quot;left&quot;:&quot;&quot;,&quot;isLinked&quot;:true},&quot;element_pack_global_tooltip_border_radius_mobile&quot;:{&quot;unit&quot;:&quot;px&quot;,&quot;top&quot;:&quot;&quot;,&quot;right&quot;:&quot;&quot;,&quot;bottom&quot;:&quot;&quot;,&quot;left&quot;:&quot;&quot;,&quot;isLinked&quot;:true}}\" data-elementor-post-type=\"page\">\n\t\t\t\t<div class=\"elementor-element elementor-element-734f51a e-con-full  ui-fluid-animation-3 e-flex e-con e-child\" data-id=\"734f51a\" data-element_type=\"container\" data-e-type=\"container\" data-settings=\"{&quot;background_background&quot;:&quot;classic&quot;,&quot;section_fluid_on&quot;:&quot;yes&quot;}\">\n\t\t\t\t<div class=\"elementor-element elementor-element-f49df3c elementor-widget elementor-widget-image\" data-id=\"f49df3c\" data-element_type=\"widget\" data-e-type=\"widget\" data-widget_type=\"image.default\">\n\t\t\t\t<div class=\"elementor-widget-container\">\n\t\t\t\t\t\t\t\t\t\t\t\t\t\t\t<img fetchpriority=\"high\" decoding=\"async\" width=\"828\" height=\"828\" src=\"https:\/\/www.dialxl.com\/wp-content\/uploads\/2024\/10\/DialFavicon.png\" class=\"attachment-full size-full wp-image-3634\" alt=\"\" srcset=\"https:\/\/www.dialxl.com\/wp-content\/uploads\/2024\/10\/DialFavicon.png 828w, https:\/\/www.dialxl.com\/wp-content\/uploads\/2024\/10\/DialFavicon-300x300.png 300w, https:\/\/www.dialxl.com\/wp-content\/uploads\/2024\/10\/DialFavicon-150x150.png 150w, https:\/\/www.dialxl.com\/wp-content\/uploads\/2024\/10\/DialFavicon-768x768.png 768w, https:\/\/www.dialxl.com\/wp-content\/uploads\/2024\/10\/DialFavicon-12x12.png 12w, https:\/\/www.dialxl.com\/wp-content\/uploads\/2024\/10\/DialFavicon-650x650.png 650w\" sizes=\"(max-width: 828px) 100vw, 828px\" \/>\t\t\t\t\t\t\t\t\t\t\t\t\t\t\t<\/div>\n\t\t\t\t<\/div>\n\t\t\t\t<div class=\"elementor-element elementor-element-479d1f8 elementor-widget elementor-widget-heading\" data-id=\"479d1f8\" data-element_type=\"widget\" data-e-type=\"widget\" data-widget_type=\"heading.default\">\n\t\t\t\t<div class=\"elementor-widget-container\">\n\t\t\t\t\t<h1 class=\"elementor-heading-title elementor-size-default\">Funktionen<\/h1>\t\t\t\t<\/div>\n\t\t\t\t<\/div>\n\t\t\t\t<\/div>\n\t\t<div class=\"elementor-element elementor-element-f1ffbc2 e-flex e-con-boxed e-con e-parent\" data-id=\"f1ffbc2\" data-element_type=\"container\" data-e-type=\"container\" data-settings=\"{&quot;background_background&quot;:&quot;classic&quot;}\">\n\t\t\t\t\t<div class=\"e-con-inner\">\n\t\t<div class=\"elementor-element elementor-element-0973680 e-con-full e-flex e-con e-child\" data-id=\"0973680\" data-element_type=\"container\" data-e-type=\"container\">\n\t\t<div class=\"elementor-element elementor-element-4624717 e-con-full e-flex e-con e-child\" data-id=\"4624717\" data-element_type=\"container\" data-e-type=\"container\">\n\t\t\t\t<div class=\"elementor-element elementor-element-304cfcf elementor-widget__width-auto elementor-widget elementor-widget-heading\" data-id=\"304cfcf\" data-element_type=\"widget\" data-e-type=\"widget\" data-widget_type=\"heading.default\">\n\t\t\t\t<div class=\"elementor-widget-container\">\n\t\t\t\t\t<h2 class=\"elementor-heading-title elementor-size-default\">All-in-One-L\u00f6sung<\/h2>\t\t\t\t<\/div>\n\t\t\t\t<\/div>\n\t\t\t\t<div class=\"elementor-element elementor-element-10ef5cc elementor-widget__width-initial elementor-widget elementor-widget-text-editor\" data-id=\"10ef5cc\" data-element_type=\"widget\" data-e-type=\"widget\" data-widget_type=\"text-editor.default\">\n\t\t\t\t<div class=\"elementor-widget-container\">\n\t\t\t\t\t\t\t\t\t<p>DialXL bietet alles, was Sie brauchen, auf einer leistungsstarken Plattform. Von eingehenden und ausgehenden Anrufen bis hin zu Omnichannel-Support, KI-gesteuerter Analyse und CRM-Integration \u2013 hier finden Sie alles.<\/p>\t\t\t\t\t\t\t\t<\/div>\n\t\t\t\t<\/div>\n\t\t\t\t<\/div>\n\t\t<div class=\"elementor-element elementor-element-26c8ea0 e-con-full e-flex e-con e-child\" data-id=\"26c8ea0\" data-element_type=\"container\" data-e-type=\"container\">\n\t\t\t\t<div class=\"elementor-element elementor-element-0294b66 elementor-widget elementor-widget-image\" data-id=\"0294b66\" data-element_type=\"widget\" data-e-type=\"widget\" data-widget_type=\"image.default\">\n\t\t\t\t<div class=\"elementor-widget-container\">\n\t\t\t\t\t\t\t\t\t\t\t\t\t\t\t<img decoding=\"async\" width=\"500\" height=\"500\" src=\"https:\/\/www.dialxl.com\/wp-content\/uploads\/2024\/12\/Software-integration-rafiki-1-1.svg\" class=\"attachment-medium size-medium wp-image-7343\" alt=\"\" \/>\t\t\t\t\t\t\t\t\t\t\t\t\t\t\t<\/div>\n\t\t\t\t<\/div>\n\t\t\t\t<\/div>\n\t\t\t\t<\/div>\n\t\t\t\t\t<\/div>\n\t\t\t\t<\/div>\n\t\t<div class=\"elementor-element elementor-element-ae3d328 e-flex e-con-boxed e-con e-parent\" data-id=\"ae3d328\" data-element_type=\"container\" data-e-type=\"container\" data-settings=\"{&quot;background_background&quot;:&quot;classic&quot;}\">\n\t\t\t\t\t<div class=\"e-con-inner\">\n\t\t<div class=\"elementor-element elementor-element-9862e7b e-con-full e-flex e-con e-child\" data-id=\"9862e7b\" data-element_type=\"container\" data-e-type=\"container\">\n\t\t<div class=\"elementor-element elementor-element-1cde5a5 e-con-full e-flex e-con e-child\" data-id=\"1cde5a5\" data-element_type=\"container\" data-e-type=\"container\">\n\t\t\t\t<div class=\"elementor-element elementor-element-1fa6b13 elementor-widget__width-initial elementor-widget elementor-widget-heading\" data-id=\"1fa6b13\" data-element_type=\"widget\" data-e-type=\"widget\" data-widget_type=\"heading.default\">\n\t\t\t\t<div class=\"elementor-widget-container\">\n\t\t\t\t\t<h2 class=\"elementor-heading-title elementor-size-default\"> Stellen Sie Ihr eigenes Paket zusammen<\/h2>\t\t\t\t<\/div>\n\t\t\t\t<\/div>\n\t\t\t\t<div class=\"elementor-element elementor-element-1ba1903 elementor-widget__width-initial elementor-widget elementor-widget-text-editor\" data-id=\"1ba1903\" data-element_type=\"widget\" data-e-type=\"widget\" data-widget_type=\"text-editor.default\">\n\t\t\t\t<div class=\"elementor-widget-container\">\n\t\t\t\t\t\t\t\t\t<p>Ben\u00f6tigen Sie eine individuelle L\u00f6sung? W\u00e4hlen Sie nur die Module aus, die Sie ben\u00f6tigen, und passen Sie Ihr Contact Center-Erlebnis individuell an. Ob Sprach-, Chat-, E-Mail- oder Automatisierungstools \u2013 Sie entscheiden, was f\u00fcr Ihr Unternehmen am besten funktioniert.<\/p>\t\t\t\t\t\t\t\t<\/div>\n\t\t\t\t<\/div>\n\t\t\t\t<\/div>\n\t\t<div class=\"elementor-element elementor-element-eb17e5d e-con-full e-flex e-con e-child\" data-id=\"eb17e5d\" data-element_type=\"container\" data-e-type=\"container\">\n\t\t\t\t<div class=\"elementor-element elementor-element-ba972e9 elementor-widget elementor-widget-image\" data-id=\"ba972e9\" data-element_type=\"widget\" data-e-type=\"widget\" data-widget_type=\"image.default\">\n\t\t\t\t<div class=\"elementor-widget-container\">\n\t\t\t\t\t\t\t\t\t\t\t\t\t\t\t<img decoding=\"async\" width=\"500\" height=\"500\" src=\"https:\/\/www.dialxl.com\/wp-content\/uploads\/2024\/12\/Cloud-hosting-rafiki.svg\" class=\"attachment-medium size-medium wp-image-7334\" alt=\"\" \/>\t\t\t\t\t\t\t\t\t\t\t\t\t\t\t<\/div>\n\t\t\t\t<\/div>\n\t\t\t\t<\/div>\n\t\t\t\t<\/div>\n\t\t\t\t\t<\/div>\n\t\t\t\t<\/div>\n\t\t<div class=\"elementor-element elementor-element-ec0ee49 e-flex e-con-boxed e-con e-parent\" data-id=\"ec0ee49\" data-element_type=\"container\" data-e-type=\"container\" data-settings=\"{&quot;background_background&quot;:&quot;classic&quot;}\">\n\t\t\t\t\t<div class=\"e-con-inner\">\n\t\t<div class=\"elementor-element elementor-element-af8cdcb e-con-full e-flex e-con e-child\" data-id=\"af8cdcb\" data-element_type=\"container\" data-e-type=\"container\">\n\t\t<div class=\"elementor-element elementor-element-ddcb6b3 e-con-full e-flex e-con e-child\" data-id=\"ddcb6b3\" data-element_type=\"container\" data-e-type=\"container\">\n\t\t\t\t<div class=\"elementor-element elementor-element-56f93e4 elementor-widget__width-auto elementor-widget elementor-widget-heading\" data-id=\"56f93e4\" data-element_type=\"widget\" data-e-type=\"widget\" data-widget_type=\"heading.default\">\n\t\t\t\t<div class=\"elementor-widget-container\">\n\t\t\t\t\t<h2 class=\"elementor-heading-title elementor-size-default\">Nahtlose Integration<\/h2>\t\t\t\t<\/div>\n\t\t\t\t<\/div>\n\t\t\t\t<div class=\"elementor-element elementor-element-2a368b4 elementor-widget__width-initial elementor-widget elementor-widget-text-editor\" data-id=\"2a368b4\" data-element_type=\"widget\" data-e-type=\"widget\" data-widget_type=\"text-editor.default\">\n\t\t\t\t<div class=\"elementor-widget-container\">\n\t\t\t\t\t\t\t\t\t<p>DialXL l\u00e4sst sich m\u00fchelos in Ihr vorhandenes CRM, Ihren Helpdesk und andere Gesch\u00e4ftsanwendungen integrieren und gew\u00e4hrleistet so reibungslose Arbeitsabl\u00e4ufe und h\u00f6here Effizienz.<\/p>\t\t\t\t\t\t\t\t<\/div>\n\t\t\t\t<\/div>\n\t\t\t\t<\/div>\n\t\t<div class=\"elementor-element elementor-element-0dfda8e e-con-full e-flex e-con e-child\" data-id=\"0dfda8e\" data-element_type=\"container\" data-e-type=\"container\">\n\t\t\t\t<div class=\"elementor-element elementor-element-446b2cc elementor-widget elementor-widget-image\" data-id=\"446b2cc\" data-element_type=\"widget\" data-e-type=\"widget\" data-widget_type=\"image.default\">\n\t\t\t\t<div class=\"elementor-widget-container\">\n\t\t\t\t\t\t\t\t\t\t\t\t\t\t\t<img loading=\"lazy\" decoding=\"async\" width=\"500\" height=\"500\" src=\"https:\/\/www.dialxl.com\/wp-content\/uploads\/2024\/12\/Interaction-Design-rafiki.svg\" class=\"attachment-medium size-medium wp-image-7344\" alt=\"\" \/>\t\t\t\t\t\t\t\t\t\t\t\t\t\t\t<\/div>\n\t\t\t\t<\/div>\n\t\t\t\t<\/div>\n\t\t\t\t<\/div>\n\t\t\t\t\t<\/div>\n\t\t\t\t<\/div>\n\t\t<div class=\"elementor-element elementor-element-15a0bb8 e-flex e-con-boxed e-con e-parent\" data-id=\"15a0bb8\" data-element_type=\"container\" data-e-type=\"container\" data-settings=\"{&quot;background_background&quot;:&quot;classic&quot;}\">\n\t\t\t\t\t<div class=\"e-con-inner\">\n\t\t<div class=\"elementor-element elementor-element-77f5e7e e-con-full e-flex e-con e-child\" data-id=\"77f5e7e\" data-element_type=\"container\" data-e-type=\"container\">\n\t\t<div class=\"elementor-element elementor-element-4c0d665 e-con-full e-flex e-con e-child\" data-id=\"4c0d665\" data-element_type=\"container\" data-e-type=\"container\">\n\t\t\t\t<div class=\"elementor-element elementor-element-9992b54 elementor-widget__width-auto elementor-widget elementor-widget-heading\" data-id=\"9992b54\" data-element_type=\"widget\" data-e-type=\"widget\" data-widget_type=\"heading.default\">\n\t\t\t\t<div class=\"elementor-widget-container\">\n\t\t\t\t\t<h2 class=\"elementor-heading-title elementor-size-default\"> Skalierbar und kosteneffizient<\/h2>\t\t\t\t<\/div>\n\t\t\t\t<\/div>\n\t\t\t\t<div class=\"elementor-element elementor-element-4859f13 elementor-widget__width-initial elementor-widget elementor-widget-text-editor\" data-id=\"4859f13\" data-element_type=\"widget\" data-e-type=\"widget\" data-widget_type=\"text-editor.default\">\n\t\t\t\t<div class=\"elementor-widget-container\">\n\t\t\t\t\t\t\t\t\t<p>Egal, ob Sie ein Startup oder ein Gro\u00dfunternehmen sind, DialXL w\u00e4chst mit Ihrem Unternehmen. Zahlen Sie nur f\u00fcr das, was Sie nutzen, was es zu einer flexiblen und budgetfreundlichen L\u00f6sung macht.<\/p>\t\t\t\t\t\t\t\t<\/div>\n\t\t\t\t<\/div>\n\t\t\t\t<\/div>\n\t\t<div class=\"elementor-element elementor-element-74ac914 e-con-full e-flex e-con e-child\" data-id=\"74ac914\" data-element_type=\"container\" data-e-type=\"container\">\n\t\t\t\t<div class=\"elementor-element elementor-element-7de95c8 elementor-widget elementor-widget-image\" data-id=\"7de95c8\" data-element_type=\"widget\" data-e-type=\"widget\" data-widget_type=\"image.default\">\n\t\t\t\t<div class=\"elementor-widget-container\">\n\t\t\t\t\t\t\t\t\t\t\t\t\t\t\t<img loading=\"lazy\" decoding=\"async\" width=\"500\" height=\"500\" src=\"https:\/\/www.dialxl.com\/wp-content\/uploads\/2024\/12\/In-sync-rafiki.svg\" class=\"attachment-medium size-medium wp-image-7333\" alt=\"\" \/>\t\t\t\t\t\t\t\t\t\t\t\t\t\t\t<\/div>\n\t\t\t\t<\/div>\n\t\t\t\t<\/div>\n\t\t\t\t<\/div>\n\t\t\t\t\t<\/div>\n\t\t\t\t<\/div>\n\t\t<div class=\"elementor-element elementor-element-ebc479d e-flex e-con-boxed e-con e-parent\" data-id=\"ebc479d\" data-element_type=\"container\" data-e-type=\"container\" data-settings=\"{&quot;background_background&quot;:&quot;classic&quot;}\">\n\t\t\t\t\t<div class=\"e-con-inner\">\n\t\t<div class=\"elementor-element elementor-element-94f5ba0 e-con-full e-flex e-con e-child\" data-id=\"94f5ba0\" data-element_type=\"container\" data-e-type=\"container\">\n\t\t<div class=\"elementor-element elementor-element-cdf0fd6 e-con-full e-flex e-con e-child\" data-id=\"cdf0fd6\" data-element_type=\"container\" data-e-type=\"container\">\n\t\t\t\t<div class=\"elementor-element elementor-element-d640e91 elementor-widget__width-auto elementor-widget elementor-widget-heading\" data-id=\"d640e91\" data-element_type=\"widget\" data-e-type=\"widget\" data-widget_type=\"heading.default\">\n\t\t\t\t<div class=\"elementor-widget-container\">\n\t\t\t\t\t<h2 class=\"elementor-heading-title elementor-size-default\">Globale Reichweite, lokale Pr\u00e4senz<\/h2>\t\t\t\t<\/div>\n\t\t\t\t<\/div>\n\t\t\t\t<div class=\"elementor-element elementor-element-7155a2d elementor-widget__width-initial elementor-widget elementor-widget-text-editor\" data-id=\"7155a2d\" data-element_type=\"widget\" data-e-type=\"widget\" data-widget_type=\"text-editor.default\">\n\t\t\t\t<div class=\"elementor-widget-container\">\n\t\t\t\t\t\t\t\t\t<p>Holen Sie sich Telefonnummern aus jedem Land oder jeder Stadt, um \u00fcberall auf der Welt eine lokale Pr\u00e4senz aufzubauen.<\/p>\t\t\t\t\t\t\t\t<\/div>\n\t\t\t\t<\/div>\n\t\t\t\t<\/div>\n\t\t<div class=\"elementor-element elementor-element-d1c9c2e e-con-full e-flex e-con e-child\" data-id=\"d1c9c2e\" data-element_type=\"container\" data-e-type=\"container\">\n\t\t\t\t<div class=\"elementor-element elementor-element-15e6b96 elementor-widget elementor-widget-image\" data-id=\"15e6b96\" data-element_type=\"widget\" data-e-type=\"widget\" data-widget_type=\"image.default\">\n\t\t\t\t<div class=\"elementor-widget-container\">\n\t\t\t\t\t\t\t\t\t\t\t\t\t\t\t<img loading=\"lazy\" decoding=\"async\" width=\"500\" height=\"500\" src=\"https:\/\/www.dialxl.com\/wp-content\/uploads\/2024\/12\/International-trade-rafiki.svg\" class=\"attachment-medium size-medium wp-image-7345\" alt=\"\" \/>\t\t\t\t\t\t\t\t\t\t\t\t\t\t\t<\/div>\n\t\t\t\t<\/div>\n\t\t\t\t<\/div>\n\t\t\t\t<\/div>\n\t\t\t\t\t<\/div>\n\t\t\t\t<\/div>\n\t\t\t\t<\/div>","protected":false},"excerpt":{"rendered":"<p>All-in-One Solution DialXL provides everything you need in one powerful platform. From inbound and outbound calls to omnichannel support, AI-driven analytics, and [&hellip;]<\/p>","protected":false},"author":1,"featured_media":0,"parent":0,"menu_order":0,"comment_status":"closed","ping_status":"closed","template":"","meta":{"inline_featured_image":false,"footnotes":""},"class_list":["post-4358","page","type-page","status-publish","hentry"],"_links":{"self":[{"href":"https:\/\/www.dialxl.com\/de\/wp-json\/wp\/v2\/pages\/4358","targetHints":{"allow":["GET"]}}],"collection":[{"href":"https:\/\/www.dialxl.com\/de\/wp-json\/wp\/v2\/pages"}],"about":[{"href":"https:\/\/www.dialxl.com\/de\/wp-json\/wp\/v2\/types\/page"}],"author":[{"embeddable":true,"href":"https:\/\/www.dialxl.com\/de\/wp-json\/wp\/v2\/users\/1"}],"replies":[{"embeddable":true,"href":"https:\/\/www.dialxl.com\/de\/wp-json\/wp\/v2\/comments?post=4358"}],"version-history":[{"count":52,"href":"https:\/\/www.dialxl.com\/de\/wp-json\/wp\/v2\/pages\/4358\/revisions"}],"predecessor-version":[{"id":7676,"href":"https:\/\/www.dialxl.com\/de\/wp-json\/wp\/v2\/pages\/4358\/revisions\/7676"}],"wp:attachment":[{"href":"https:\/\/www.dialxl.com\/de\/wp-json\/wp\/v2\/media?parent=4358"}],"curies":[{"name":"wp","href":"https:\/\/api.w.org\/{rel}","templated":true}]}}