{"id":5280,"date":"2024-11-17T11:34:41","date_gmt":"2024-11-17T11:34:41","guid":{"rendered":"https:\/\/www.dialxl.com\/?page_id=5280"},"modified":"2025-01-16T03:40:23","modified_gmt":"2025-01-16T03:40:23","slug":"documentation","status":"publish","type":"page","link":"https:\/\/www.dialxl.com\/de\/documentation\/","title":{"rendered":"Dokumentation"},"content":{"rendered":"<div data-elementor-type=\"wp-page\" data-elementor-id=\"5280\" class=\"elementor elementor-5280\" data-elementor-settings=\"{&quot;element_pack_global_tooltip_width&quot;:{&quot;unit&quot;:&quot;px&quot;,&quot;size&quot;:&quot;&quot;,&quot;sizes&quot;:[]},&quot;element_pack_global_tooltip_width_tablet&quot;:{&quot;unit&quot;:&quot;px&quot;,&quot;size&quot;:&quot;&quot;,&quot;sizes&quot;:[]},&quot;element_pack_global_tooltip_width_mobile&quot;:{&quot;unit&quot;:&quot;px&quot;,&quot;size&quot;:&quot;&quot;,&quot;sizes&quot;:[]},&quot;element_pack_global_tooltip_padding&quot;:{&quot;unit&quot;:&quot;px&quot;,&quot;top&quot;:&quot;&quot;,&quot;right&quot;:&quot;&quot;,&quot;bottom&quot;:&quot;&quot;,&quot;left&quot;:&quot;&quot;,&quot;isLinked&quot;:true},&quot;element_pack_global_tooltip_padding_tablet&quot;:{&quot;unit&quot;:&quot;px&quot;,&quot;top&quot;:&quot;&quot;,&quot;right&quot;:&quot;&quot;,&quot;bottom&quot;:&quot;&quot;,&quot;left&quot;:&quot;&quot;,&quot;isLinked&quot;:true},&quot;element_pack_global_tooltip_padding_mobile&quot;:{&quot;unit&quot;:&quot;px&quot;,&quot;top&quot;:&quot;&quot;,&quot;right&quot;:&quot;&quot;,&quot;bottom&quot;:&quot;&quot;,&quot;left&quot;:&quot;&quot;,&quot;isLinked&quot;:true},&quot;element_pack_global_tooltip_border_radius&quot;:{&quot;unit&quot;:&quot;px&quot;,&quot;top&quot;:&quot;&quot;,&quot;right&quot;:&quot;&quot;,&quot;bottom&quot;:&quot;&quot;,&quot;left&quot;:&quot;&quot;,&quot;isLinked&quot;:true},&quot;element_pack_global_tooltip_border_radius_tablet&quot;:{&quot;unit&quot;:&quot;px&quot;,&quot;top&quot;:&quot;&quot;,&quot;right&quot;:&quot;&quot;,&quot;bottom&quot;:&quot;&quot;,&quot;left&quot;:&quot;&quot;,&quot;isLinked&quot;:true},&quot;element_pack_global_tooltip_border_radius_mobile&quot;:{&quot;unit&quot;:&quot;px&quot;,&quot;top&quot;:&quot;&quot;,&quot;right&quot;:&quot;&quot;,&quot;bottom&quot;:&quot;&quot;,&quot;left&quot;:&quot;&quot;,&quot;isLinked&quot;:true}}\" data-elementor-post-type=\"page\">\n\t\t\t\t<div class=\"elementor-element elementor-element-2936d3a e-con-full e-flex e-con e-parent\" data-id=\"2936d3a\" data-element_type=\"container\" data-e-type=\"container\">\n\t\t<div class=\"elementor-element elementor-element-e3e693f e-con-full  ui-fluid-animation-3 e-flex e-con e-child\" data-id=\"e3e693f\" data-element_type=\"container\" data-e-type=\"container\" data-settings=\"{&quot;background_background&quot;:&quot;classic&quot;,&quot;section_fluid_on&quot;:&quot;yes&quot;}\">\n\t\t\t\t<div class=\"elementor-element elementor-element-e45b9e8 elementor-widget elementor-widget-image\" data-id=\"e45b9e8\" data-element_type=\"widget\" data-e-type=\"widget\" data-widget_type=\"image.default\">\n\t\t\t\t<div class=\"elementor-widget-container\">\n\t\t\t\t\t\t\t\t\t\t\t\t\t\t\t<img fetchpriority=\"high\" decoding=\"async\" width=\"828\" height=\"828\" src=\"https:\/\/www.dialxl.com\/wp-content\/uploads\/2024\/10\/DialFavicon.png\" class=\"attachment-full size-full wp-image-3634\" alt=\"\" srcset=\"https:\/\/www.dialxl.com\/wp-content\/uploads\/2024\/10\/DialFavicon.png 828w, https:\/\/www.dialxl.com\/wp-content\/uploads\/2024\/10\/DialFavicon-300x300.png 300w, https:\/\/www.dialxl.com\/wp-content\/uploads\/2024\/10\/DialFavicon-150x150.png 150w, https:\/\/www.dialxl.com\/wp-content\/uploads\/2024\/10\/DialFavicon-768x768.png 768w, https:\/\/www.dialxl.com\/wp-content\/uploads\/2024\/10\/DialFavicon-12x12.png 12w, https:\/\/www.dialxl.com\/wp-content\/uploads\/2024\/10\/DialFavicon-650x650.png 650w\" sizes=\"(max-width: 828px) 100vw, 828px\" \/>\t\t\t\t\t\t\t\t\t\t\t\t\t\t\t<\/div>\n\t\t\t\t<\/div>\n\t\t\t\t<div class=\"elementor-element elementor-element-29d9225 elementor-widget elementor-widget-heading\" data-id=\"29d9225\" data-element_type=\"widget\" data-e-type=\"widget\" data-widget_type=\"heading.default\">\n\t\t\t\t<div class=\"elementor-widget-container\">\n\t\t\t\t\t<h1 class=\"elementor-heading-title elementor-size-default\">Dokumentation<\/h1>\t\t\t\t<\/div>\n\t\t\t\t<\/div>\n\t\t\t\t<\/div>\n\t\t\t\t<\/div>\n\t\t<div class=\"elementor-element elementor-element-00588e0 e-con-full e-flex e-con e-parent\" data-id=\"00588e0\" data-element_type=\"container\" data-e-type=\"container\">\n\t\t<div class=\"elementor-element elementor-element-5b8ee4d e-con-full  ui-fluid-animation-4 e-flex e-con e-child\" data-id=\"5b8ee4d\" data-element_type=\"container\" data-e-type=\"container\" data-settings=\"{&quot;background_background&quot;:&quot;classic&quot;,&quot;section_fluid_on&quot;:&quot;yes&quot;}\">\n\t\t\t\t<div class=\"elementor-element elementor-element-d90d910 elementor-widget__width-inherit elementor-widget elementor-widget-heading\" data-id=\"d90d910\" data-element_type=\"widget\" data-e-type=\"widget\" data-widget_type=\"heading.default\">\n\t\t\t\t<div class=\"elementor-widget-container\">\n\t\t\t\t\t<h2 class=\"elementor-heading-title elementor-size-default\">Dokumentationssysteme sorgen f\u00fcr Klarheit<\/h2>\t\t\t\t<\/div>\n\t\t\t\t<\/div>\n\t\t\t\t<\/div>\n\t\t\t\t<\/div>\n\t\t<div class=\"elementor-element elementor-element-cec2bd1 e-flex e-con-boxed e-con e-parent\" data-id=\"cec2bd1\" data-element_type=\"container\" data-e-type=\"container\" data-settings=\"{&quot;background_background&quot;:&quot;classic&quot;}\">\n\t\t\t\t\t<div class=\"e-con-inner\">\n\t\t<div class=\"elementor-element elementor-element-5aa5a88 e-con-full e-flex e-con e-child\" data-id=\"5aa5a88\" data-element_type=\"container\" data-e-type=\"container\">\n\t\t<div class=\"elementor-element elementor-element-238c1ea e-con-full e-flex e-con e-child\" data-id=\"238c1ea\" data-element_type=\"container\" data-e-type=\"container\">\n\t\t\t\t<div class=\"elementor-element elementor-element-8a6505d elementor-widget__width-auto elementor-widget elementor-widget-heading\" data-id=\"8a6505d\" data-element_type=\"widget\" data-e-type=\"widget\" data-widget_type=\"heading.default\">\n\t\t\t\t<div class=\"elementor-widget-container\">\n\t\t\t\t\t<h2 class=\"elementor-heading-title elementor-size-default\">Einfache Integration<\/h2>\t\t\t\t<\/div>\n\t\t\t\t<\/div>\n\t\t\t\t<div class=\"elementor-element elementor-element-0ab52cb elementor-widget__width-initial elementor-widget elementor-widget-text-editor\" data-id=\"0ab52cb\" data-element_type=\"widget\" data-e-type=\"widget\" data-widget_type=\"text-editor.default\">\n\t\t\t\t<div class=\"elementor-widget-container\">\n\t\t\t\t\t\t\t\t\t<p>Vereinfachen Sie die Installation von Callcenter-Projekten mit DialXL. Integrieren Sie Anwendungen ganz einfach, sparen Sie Zeit und reduzieren Sie den Arbeitsaufwand. Erstellen Sie benutzerdefinierte Integrationen mit benutzerfreundlichen APIs f\u00fcr reibungslose Abl\u00e4ufe und zuk\u00fcnftige Gesch\u00e4ftspl\u00e4ne.<\/p>\t\t\t\t\t\t\t\t<\/div>\n\t\t\t\t<\/div>\n\t\t\t\t<\/div>\n\t\t<div class=\"elementor-element elementor-element-dfdaf2f e-con-full e-flex e-con e-child\" data-id=\"dfdaf2f\" data-element_type=\"container\" data-e-type=\"container\">\n\t\t\t\t<div class=\"elementor-element elementor-element-245a0db elementor-widget elementor-widget-image\" data-id=\"245a0db\" data-element_type=\"widget\" data-e-type=\"widget\" data-widget_type=\"image.default\">\n\t\t\t\t<div class=\"elementor-widget-container\">\n\t\t\t\t\t\t\t\t\t\t\t\t\t\t\t<img decoding=\"async\" width=\"500\" height=\"500\" src=\"https:\/\/www.dialxl.com\/wp-content\/uploads\/2024\/12\/Software-integration-rafiki-1-1.svg\" class=\"attachment-medium size-medium wp-image-7343\" alt=\"\" \/>\t\t\t\t\t\t\t\t\t\t\t\t\t\t\t<\/div>\n\t\t\t\t<\/div>\n\t\t\t\t<\/div>\n\t\t\t\t<\/div>\n\t\t\t\t\t<\/div>\n\t\t\t\t<\/div>\n\t\t<div class=\"elementor-element elementor-element-a092ca4 e-flex e-con-boxed e-con e-parent\" data-id=\"a092ca4\" data-element_type=\"container\" data-e-type=\"container\" data-settings=\"{&quot;background_background&quot;:&quot;classic&quot;}\">\n\t\t\t\t\t<div class=\"e-con-inner\">\n\t\t<div class=\"elementor-element elementor-element-6547908 e-con-full e-flex e-con e-child\" data-id=\"6547908\" data-element_type=\"container\" data-e-type=\"container\">\n\t\t<div class=\"elementor-element elementor-element-39e899f e-con-full e-flex e-con e-child\" data-id=\"39e899f\" data-element_type=\"container\" data-e-type=\"container\">\n\t\t\t\t<div class=\"elementor-element elementor-element-cc5b012 elementor-widget__width-auto elementor-widget elementor-widget-heading\" data-id=\"cc5b012\" data-element_type=\"widget\" data-e-type=\"widget\" data-widget_type=\"heading.default\">\n\t\t\t\t<div class=\"elementor-widget-container\">\n\t\t\t\t\t<h2 class=\"elementor-heading-title elementor-size-default\">Integrierte Systeme<\/h2>\t\t\t\t<\/div>\n\t\t\t\t<\/div>\n\t\t\t\t<div class=\"elementor-element elementor-element-7512090 elementor-widget__width-initial elementor-widget elementor-widget-text-editor\" data-id=\"7512090\" data-element_type=\"widget\" data-e-type=\"widget\" data-widget_type=\"text-editor.default\">\n\t\t\t\t<div class=\"elementor-widget-container\">\n\t\t\t\t\t\t\t\t\t<p>Optimieren Sie Ihren Callcenter-Betrieb mit den API-Integrationen von DialXL. Bereiten Sie APIs ganz einfach f\u00fcr Reporting-, Qualit\u00e4tskontroll- und Managementteams vor und steigern Sie so die Gesch\u00e4ftseffizienz. Integrieren Sie sie nahtlos in alle Gesch\u00e4ftsanwendungen, um die Callcenter-Kompetenzen zu verbessern und aufschlussreiche Berichte zu erhalten.<\/p>\t\t\t\t\t\t\t\t<\/div>\n\t\t\t\t<\/div>\n\t\t\t\t<\/div>\n\t\t<div class=\"elementor-element elementor-element-d5acfed e-con-full e-flex e-con e-child\" data-id=\"d5acfed\" data-element_type=\"container\" data-e-type=\"container\">\n\t\t\t\t<div class=\"elementor-element elementor-element-7b2a15b elementor-widget elementor-widget-image\" data-id=\"7b2a15b\" data-element_type=\"widget\" data-e-type=\"widget\" data-widget_type=\"image.default\">\n\t\t\t\t<div class=\"elementor-widget-container\">\n\t\t\t\t\t\t\t\t\t\t\t\t\t\t\t<img decoding=\"async\" width=\"500\" height=\"500\" src=\"https:\/\/www.dialxl.com\/wp-content\/uploads\/2024\/12\/Cloud-hosting-rafiki.svg\" class=\"attachment-medium size-medium wp-image-7334\" alt=\"\" \/>\t\t\t\t\t\t\t\t\t\t\t\t\t\t\t<\/div>\n\t\t\t\t<\/div>\n\t\t\t\t<\/div>\n\t\t\t\t<\/div>\n\t\t\t\t\t<\/div>\n\t\t\t\t<\/div>\n\t\t<div class=\"elementor-element elementor-element-72ea5c7 e-flex e-con-boxed e-con e-parent\" data-id=\"72ea5c7\" data-element_type=\"container\" data-e-type=\"container\" data-settings=\"{&quot;background_background&quot;:&quot;classic&quot;}\">\n\t\t\t\t\t<div class=\"e-con-inner\">\n\t\t<div class=\"elementor-element elementor-element-1a18d10 e-con-full e-flex e-con e-child\" data-id=\"1a18d10\" data-element_type=\"container\" data-e-type=\"container\">\n\t\t<div class=\"elementor-element elementor-element-918c29f e-con-full e-flex e-con e-child\" data-id=\"918c29f\" data-element_type=\"container\" data-e-type=\"container\">\n\t\t\t\t<div class=\"elementor-element elementor-element-6d3491c elementor-widget__width-auto elementor-widget elementor-widget-heading\" data-id=\"6d3491c\" data-element_type=\"widget\" data-e-type=\"widget\" data-widget_type=\"heading.default\">\n\t\t\t\t<div class=\"elementor-widget-container\">\n\t\t\t\t\t<h2 class=\"elementor-heading-title elementor-size-default\">Benutzererfahrung<\/h2>\t\t\t\t<\/div>\n\t\t\t\t<\/div>\n\t\t\t\t<div class=\"elementor-element elementor-element-d9bc764 elementor-widget__width-initial elementor-widget elementor-widget-text-editor\" data-id=\"d9bc764\" data-element_type=\"widget\" data-e-type=\"widget\" data-widget_type=\"text-editor.default\">\n\t\t\t\t<div class=\"elementor-widget-container\">\n\t\t\t\t\t\t\t\t\t<p>Verbessern Sie das CRM-Benutzererlebnis mit den APIs von DialXL \u2013 integrieren Sie Click-to-Call und Screen-Popup nahtlos f\u00fcr eine effiziente, fehlerfreie Kommunikation im Vertrieb und After-Sales-Betrieb.<\/p>\t\t\t\t\t\t\t\t<\/div>\n\t\t\t\t<\/div>\n\t\t\t\t<\/div>\n\t\t<div class=\"elementor-element elementor-element-f4b5128 e-con-full e-flex e-con e-child\" data-id=\"f4b5128\" data-element_type=\"container\" data-e-type=\"container\">\n\t\t\t\t<div class=\"elementor-element elementor-element-e3f9539 elementor-widget elementor-widget-image\" data-id=\"e3f9539\" data-element_type=\"widget\" data-e-type=\"widget\" data-widget_type=\"image.default\">\n\t\t\t\t<div class=\"elementor-widget-container\">\n\t\t\t\t\t\t\t\t\t\t\t\t\t\t\t<img loading=\"lazy\" decoding=\"async\" width=\"500\" height=\"500\" src=\"https:\/\/www.dialxl.com\/wp-content\/uploads\/2024\/12\/Interaction-Design-rafiki.svg\" class=\"attachment-medium size-medium wp-image-7344\" alt=\"\" \/>\t\t\t\t\t\t\t\t\t\t\t\t\t\t\t<\/div>\n\t\t\t\t<\/div>\n\t\t\t\t<\/div>\n\t\t\t\t<\/div>\n\t\t\t\t\t<\/div>\n\t\t\t\t<\/div>\n\t\t<div class=\"elementor-element elementor-element-46b94e9 e-flex e-con-boxed e-con e-parent\" data-id=\"46b94e9\" data-element_type=\"container\" data-e-type=\"container\" data-settings=\"{&quot;background_background&quot;:&quot;classic&quot;}\">\n\t\t\t\t\t<div class=\"e-con-inner\">\n\t\t<div class=\"elementor-element elementor-element-58d2013 e-con-full e-flex e-con e-child\" data-id=\"58d2013\" data-element_type=\"container\" data-e-type=\"container\">\n\t\t<div class=\"elementor-element elementor-element-93b23f1 e-con-full e-flex e-con e-child\" data-id=\"93b23f1\" data-element_type=\"container\" data-e-type=\"container\">\n\t\t\t\t<div class=\"elementor-element elementor-element-00f2dd9 elementor-widget__width-auto elementor-widget elementor-widget-heading\" data-id=\"00f2dd9\" data-element_type=\"widget\" data-e-type=\"widget\" data-widget_type=\"heading.default\">\n\t\t\t\t<div class=\"elementor-widget-container\">\n\t\t\t\t\t<h2 class=\"elementor-heading-title elementor-size-default\">Konsolidierte Berichterstattung<\/h2>\t\t\t\t<\/div>\n\t\t\t\t<\/div>\n\t\t\t\t<div class=\"elementor-element elementor-element-9c3d021 elementor-widget__width-initial elementor-widget elementor-widget-text-editor\" data-id=\"9c3d021\" data-element_type=\"widget\" data-e-type=\"widget\" data-widget_type=\"text-editor.default\">\n\t\t\t\t<div class=\"elementor-widget-container\">\n\t\t\t\t\t\t\t\t\t<p>Vereinfachen Sie die Berichtsverwaltung im Contact Center-Betrieb mit den APIs von DialXL. Ordnen Sie Berichte aus verschiedenen Anwendungen den Daten des Call Centers zu, um den Arbeitsaufwand f\u00fcr Betriebsleiter zu reduzieren und Fehler zu minimieren.<\/p>\t\t\t\t\t\t\t\t<\/div>\n\t\t\t\t<\/div>\n\t\t\t\t<\/div>\n\t\t<div class=\"elementor-element elementor-element-f2706cd e-con-full e-flex e-con e-child\" data-id=\"f2706cd\" data-element_type=\"container\" data-e-type=\"container\">\n\t\t\t\t<div class=\"elementor-element elementor-element-6afab60 elementor-widget elementor-widget-image\" data-id=\"6afab60\" data-element_type=\"widget\" data-e-type=\"widget\" data-widget_type=\"image.default\">\n\t\t\t\t<div class=\"elementor-widget-container\">\n\t\t\t\t\t\t\t\t\t\t\t\t\t\t\t<img loading=\"lazy\" decoding=\"async\" width=\"500\" height=\"500\" src=\"https:\/\/www.dialxl.com\/wp-content\/uploads\/2024\/12\/In-sync-rafiki.svg\" class=\"attachment-medium size-medium wp-image-7333\" alt=\"\" \/>\t\t\t\t\t\t\t\t\t\t\t\t\t\t\t<\/div>\n\t\t\t\t<\/div>\n\t\t\t\t<\/div>\n\t\t\t\t<\/div>\n\t\t\t\t\t<\/div>\n\t\t\t\t<\/div>\n\t\t<div class=\"elementor-element elementor-element-8bf0357 e-flex e-con-boxed e-con e-parent\" data-id=\"8bf0357\" data-element_type=\"container\" data-e-type=\"container\" data-settings=\"{&quot;background_background&quot;:&quot;classic&quot;}\">\n\t\t\t\t\t<div class=\"e-con-inner\">\n\t\t<div class=\"elementor-element elementor-element-30baad8 e-con-full e-flex e-con e-child\" data-id=\"30baad8\" data-element_type=\"container\" data-e-type=\"container\">\n\t\t<div class=\"elementor-element elementor-element-b1dd041 e-con-full e-flex e-con e-child\" data-id=\"b1dd041\" data-element_type=\"container\" data-e-type=\"container\">\n\t\t\t\t<div class=\"elementor-element elementor-element-230d934 elementor-widget__width-auto elementor-widget elementor-widget-heading\" data-id=\"230d934\" data-element_type=\"widget\" data-e-type=\"widget\" data-widget_type=\"heading.default\">\n\t\t\t\t<div class=\"elementor-widget-container\">\n\t\t\t\t\t<h2 class=\"elementor-heading-title elementor-size-default\">Gesch\u00e4ftsoptimierung<\/h2>\t\t\t\t<\/div>\n\t\t\t\t<\/div>\n\t\t\t\t<div class=\"elementor-element elementor-element-13271b0 elementor-widget__width-initial elementor-widget elementor-widget-text-editor\" data-id=\"13271b0\" data-element_type=\"widget\" data-e-type=\"widget\" data-widget_type=\"text-editor.default\">\n\t\t\t\t<div class=\"elementor-widget-container\">\n\t\t\t\t\t\t\t\t\t<p>Sorgen Sie f\u00fcr einen reibungslosen Callcenter-Betrieb, indem Sie Workflows in Vertrieb, Aftersales-Support und Helpdesk mit den vorgefertigten APIs von DialXL integrieren. Zentralisieren Sie Eigenschaften auf einem einzigen Bildschirm, steigern Sie die Effizienz der Kundenbetreuer und erh\u00f6hen Sie die Kundenzufriedenheit.<\/p>\t\t\t\t\t\t\t\t<\/div>\n\t\t\t\t<\/div>\n\t\t\t\t<\/div>\n\t\t<div class=\"elementor-element elementor-element-c68dd9e e-con-full e-flex e-con e-child\" data-id=\"c68dd9e\" data-element_type=\"container\" data-e-type=\"container\">\n\t\t\t\t<div class=\"elementor-element elementor-element-403e5d2 elementor-widget elementor-widget-image\" data-id=\"403e5d2\" data-element_type=\"widget\" data-e-type=\"widget\" data-widget_type=\"image.default\">\n\t\t\t\t<div class=\"elementor-widget-container\">\n\t\t\t\t\t\t\t\t\t\t\t\t\t\t\t<img loading=\"lazy\" decoding=\"async\" width=\"500\" height=\"500\" src=\"https:\/\/www.dialxl.com\/wp-content\/uploads\/2024\/12\/International-trade-rafiki.svg\" class=\"attachment-medium size-medium wp-image-7345\" alt=\"\" \/>\t\t\t\t\t\t\t\t\t\t\t\t\t\t\t<\/div>\n\t\t\t\t<\/div>\n\t\t\t\t<\/div>\n\t\t\t\t<\/div>\n\t\t\t\t\t<\/div>\n\t\t\t\t<\/div>\n\t\t\t\t<\/div>","protected":false},"excerpt":{"rendered":"<p>Documentation systems ensure clarity Easy Integration Simplify call center project installation with DialXL. Easily integrate applications, save time, and reduce workloads. Create [&hellip;]<\/p>","protected":false},"author":1,"featured_media":0,"parent":0,"menu_order":0,"comment_status":"closed","ping_status":"closed","template":"","meta":{"inline_featured_image":false,"footnotes":""},"class_list":["post-5280","page","type-page","status-publish","hentry"],"_links":{"self":[{"href":"https:\/\/www.dialxl.com\/de\/wp-json\/wp\/v2\/pages\/5280","targetHints":{"allow":["GET"]}}],"collection":[{"href":"https:\/\/www.dialxl.com\/de\/wp-json\/wp\/v2\/pages"}],"about":[{"href":"https:\/\/www.dialxl.com\/de\/wp-json\/wp\/v2\/types\/page"}],"author":[{"embeddable":true,"href":"https:\/\/www.dialxl.com\/de\/wp-json\/wp\/v2\/users\/1"}],"replies":[{"embeddable":true,"href":"https:\/\/www.dialxl.com\/de\/wp-json\/wp\/v2\/comments?post=5280"}],"version-history":[{"count":28,"href":"https:\/\/www.dialxl.com\/de\/wp-json\/wp\/v2\/pages\/5280\/revisions"}],"predecessor-version":[{"id":7935,"href":"https:\/\/www.dialxl.com\/de\/wp-json\/wp\/v2\/pages\/5280\/revisions\/7935"}],"wp:attachment":[{"href":"https:\/\/www.dialxl.com\/de\/wp-json\/wp\/v2\/media?parent=5280"}],"curies":[{"name":"wp","href":"https:\/\/api.w.org\/{rel}","templated":true}]}}