{"id":6455,"date":"2024-12-14T07:28:45","date_gmt":"2024-12-14T07:28:45","guid":{"rendered":"https:\/\/www.dialxl.com\/?page_id=6455"},"modified":"2025-02-20T11:20:56","modified_gmt":"2025-02-20T11:20:56","slug":"privacy-policy","status":"publish","type":"page","link":"https:\/\/www.dialxl.com\/de\/privacy-policy\/","title":{"rendered":"Datenschutzerkl\u00e4rung"},"content":{"rendered":"<div data-elementor-type=\"wp-page\" data-elementor-id=\"6455\" class=\"elementor elementor-6455\" data-elementor-settings=\"{&quot;element_pack_global_tooltip_width&quot;:{&quot;unit&quot;:&quot;px&quot;,&quot;size&quot;:&quot;&quot;,&quot;sizes&quot;:[]},&quot;element_pack_global_tooltip_width_tablet&quot;:{&quot;unit&quot;:&quot;px&quot;,&quot;size&quot;:&quot;&quot;,&quot;sizes&quot;:[]},&quot;element_pack_global_tooltip_width_mobile&quot;:{&quot;unit&quot;:&quot;px&quot;,&quot;size&quot;:&quot;&quot;,&quot;sizes&quot;:[]},&quot;element_pack_global_tooltip_padding&quot;:{&quot;unit&quot;:&quot;px&quot;,&quot;top&quot;:&quot;&quot;,&quot;right&quot;:&quot;&quot;,&quot;bottom&quot;:&quot;&quot;,&quot;left&quot;:&quot;&quot;,&quot;isLinked&quot;:true},&quot;element_pack_global_tooltip_padding_tablet&quot;:{&quot;unit&quot;:&quot;px&quot;,&quot;top&quot;:&quot;&quot;,&quot;right&quot;:&quot;&quot;,&quot;bottom&quot;:&quot;&quot;,&quot;left&quot;:&quot;&quot;,&quot;isLinked&quot;:true},&quot;element_pack_global_tooltip_padding_mobile&quot;:{&quot;unit&quot;:&quot;px&quot;,&quot;top&quot;:&quot;&quot;,&quot;right&quot;:&quot;&quot;,&quot;bottom&quot;:&quot;&quot;,&quot;left&quot;:&quot;&quot;,&quot;isLinked&quot;:true},&quot;element_pack_global_tooltip_border_radius&quot;:{&quot;unit&quot;:&quot;px&quot;,&quot;top&quot;:&quot;&quot;,&quot;right&quot;:&quot;&quot;,&quot;bottom&quot;:&quot;&quot;,&quot;left&quot;:&quot;&quot;,&quot;isLinked&quot;:true},&quot;element_pack_global_tooltip_border_radius_tablet&quot;:{&quot;unit&quot;:&quot;px&quot;,&quot;top&quot;:&quot;&quot;,&quot;right&quot;:&quot;&quot;,&quot;bottom&quot;:&quot;&quot;,&quot;left&quot;:&quot;&quot;,&quot;isLinked&quot;:true},&quot;element_pack_global_tooltip_border_radius_mobile&quot;:{&quot;unit&quot;:&quot;px&quot;,&quot;top&quot;:&quot;&quot;,&quot;right&quot;:&quot;&quot;,&quot;bottom&quot;:&quot;&quot;,&quot;left&quot;:&quot;&quot;,&quot;isLinked&quot;:true}}\" data-elementor-post-type=\"page\">\n\t\t\t\t<div class=\"elementor-element elementor-element-a946321 e-con-full  ui-fluid-animation-3 e-flex e-con e-child\" data-id=\"a946321\" data-element_type=\"container\" data-e-type=\"container\" data-settings=\"{&quot;background_background&quot;:&quot;classic&quot;,&quot;section_fluid_on&quot;:&quot;yes&quot;}\">\n\t\t\t\t<div class=\"elementor-element elementor-element-23bc3c5 elementor-widget elementor-widget-image\" data-id=\"23bc3c5\" data-element_type=\"widget\" data-e-type=\"widget\" data-widget_type=\"image.default\">\n\t\t\t\t<div class=\"elementor-widget-container\">\n\t\t\t\t\t\t\t\t\t\t\t\t\t\t\t<img fetchpriority=\"high\" decoding=\"async\" width=\"828\" height=\"828\" src=\"https:\/\/www.dialxl.com\/wp-content\/uploads\/2024\/10\/DialFavicon.png\" class=\"attachment-full size-full wp-image-3634\" alt=\"\" srcset=\"https:\/\/www.dialxl.com\/wp-content\/uploads\/2024\/10\/DialFavicon.png 828w, https:\/\/www.dialxl.com\/wp-content\/uploads\/2024\/10\/DialFavicon-300x300.png 300w, https:\/\/www.dialxl.com\/wp-content\/uploads\/2024\/10\/DialFavicon-150x150.png 150w, https:\/\/www.dialxl.com\/wp-content\/uploads\/2024\/10\/DialFavicon-768x768.png 768w, https:\/\/www.dialxl.com\/wp-content\/uploads\/2024\/10\/DialFavicon-12x12.png 12w, https:\/\/www.dialxl.com\/wp-content\/uploads\/2024\/10\/DialFavicon-650x650.png 650w\" sizes=\"(max-width: 828px) 100vw, 828px\" \/>\t\t\t\t\t\t\t\t\t\t\t\t\t\t\t<\/div>\n\t\t\t\t<\/div>\n\t\t\t\t<div class=\"elementor-element elementor-element-0d05290 elementor-widget elementor-widget-heading\" data-id=\"0d05290\" data-element_type=\"widget\" data-e-type=\"widget\" data-widget_type=\"heading.default\">\n\t\t\t\t<div class=\"elementor-widget-container\">\n\t\t\t\t\t<h1 class=\"elementor-heading-title elementor-size-default\">Datenschutzerkl\u00e4rung<\/h1>\t\t\t\t<\/div>\n\t\t\t\t<\/div>\n\t\t\t\t<div class=\"elementor-element elementor-element-4f32ea8 elementor-widget elementor-widget-text-editor\" data-id=\"4f32ea8\" data-element_type=\"widget\" data-e-type=\"widget\" data-widget_type=\"text-editor.default\">\n\t\t\t\t<div class=\"elementor-widget-container\">\n\t\t\t\t\t\t\t\t\t<p>Last Updated 01\/01\/2025<\/p>\t\t\t\t\t\t\t\t<\/div>\n\t\t\t\t<\/div>\n\t\t\t\t<\/div>\n\t\t<div class=\"elementor-element elementor-element-4765a4f e-flex e-con-boxed e-con e-parent\" data-id=\"4765a4f\" data-element_type=\"container\" data-e-type=\"container\">\n\t\t\t\t\t<div class=\"e-con-inner\">\n\t\t\t\t<div class=\"elementor-element elementor-element-a66dbe2 elementor-widget elementor-widget-text-editor\" data-id=\"a66dbe2\" data-element_type=\"widget\" data-e-type=\"widget\" data-no-translation=\"\" data-widget_type=\"text-editor.default\">\n\t\t\t\t<div class=\"elementor-widget-container\">\n\t\t\t\t\t<style>.elementor-element-a66dbe2{display:none !important}<\/style>\t\t\t\t<\/div>\n\t\t\t\t<\/div>\n\t\t\t\t<div class=\"elementor-element elementor-element-34e2e6b elementor-widget elementor-widget-text-editor\" data-id=\"34e2e6b\" data-element_type=\"widget\" data-e-type=\"widget\" data-no-translation=\"\" data-widget_type=\"text-editor.default\">\n\t\t\t\t<div class=\"elementor-widget-container\">\n\t\t\t\t\t\t\t\t\t<h3 data-pm-slice=\"1 1 []\"><strong>1. Wer sind wir?<\/strong><\/h3><p>DialXL (im Folgenden &#8220;wir&#8221; oder &#8220;DialXL&#8221;) ist f\u00fcr die Verarbeitung personenbezogener Daten gem\u00e4\u00df dieser Datenschutzerkl\u00e4rung verantwortlich.<\/p><p><strong>Unsere Kontaktdaten:<\/strong><\/p><ul data-spread=\"false\"><li><p><strong>Website:<\/strong> <a>www.dialXL.com<\/a><\/p><\/li><li><p><strong>E-Mail-Adresse f\u00fcr Datenschutzangelegenheiten:<\/strong> <a>gdpr@dialXL.com<\/a><\/p><\/li><\/ul><h3><strong>2. Welche Daten erheben wir?<\/strong><\/h3><h4><strong>Kontaktformular (&#8220;Nehmen Sie Kontakt mit mir auf&#8221;)<\/strong><\/h4><ul data-spread=\"false\"><li><p>Vorname, Nachname, E-Mail-Adresse, Telefonnummer, Betreff und evtl. weitere Angaben, die Sie im Kommentarfeld machen.<\/p><\/li><li><p>Wir verwenden diese Daten ausschlie\u00dflich, um mit Ihnen Kontakt aufzunehmen und Ihre Anfrage oder Ihr Anliegen zu bearbeiten.<\/p><\/li><\/ul><h4><strong>Termin vereinbaren<\/strong><\/h4><ul data-spread=\"false\"><li><p>Vorname, Nachname und E-Mail-Adresse.<\/p><\/li><li><p>Wir verwenden diese Daten, um einen Termin mit Ihnen zu vereinbaren und Sie dar\u00fcber zu informieren.<\/p><\/li><\/ul><p>Wir erheben oder verarbeiten keine besonderen Kategorien personenbezogener Daten (z. B. Gesundheitsdaten, politische Ansichten, religi\u00f6se \u00dcberzeugungen usw.).<\/p><h3><strong>3. Zweck und Rechtsgrundlage der Verarbeitung<\/strong><\/h3><p>Wir verarbeiten Ihre personenbezogenen Daten, um:<\/p><ul data-spread=\"false\"><li><p>Kontakt mit Ihnen aufzunehmen und\/oder auf Ihre Anfrage zu reagieren,<\/p><\/li><li><p>einen Termin mit Ihnen zu vereinbaren.<\/p><\/li><\/ul><p>Die Rechtsgrundlage f\u00fcr diese Verarbeitung ist Ihre Einwilligung, die Sie uns geben, wenn Sie freiwillig Ihre Daten in unsere Formulare auf der Website eintragen und absenden.<\/p><h3><strong>4. Aufbewahrungsfrist<\/strong><\/h3><p>Wir befolgen die folgenden Aufbewahrungsfristen f\u00fcr Ihre personenbezogenen Daten:<\/p><ol start=\"1\" data-spread=\"false\"><li><p><strong>Kundenbeziehung:<\/strong> solange die Kundenbeziehung besteht und f\u00fcr weitere 12 Monate danach.<\/p><\/li><li><p><strong>Kein Interesse:<\/strong> Wenn Sie w\u00e4hrend eines Gespr\u00e4chs oder Kontakts deutlich machen, dass Sie kein (weiteres) Interesse haben, werden wir Ihre Daten nicht l\u00e4nger f\u00fcr eine zuk\u00fcnftige Kontaktaufnahme aufbewahren.<\/p><\/li><li><p><strong>Opt-out:<\/strong> Wenn Sie \u00fcber unsere Opt-out-Seite oder auf andere Weise angeben, dass Sie nicht mehr kontaktiert werden m\u00f6chten, l\u00f6schen oder anonymisieren wir Ihre Daten innerhalb eines angemessenen Zeitraums.<\/p><\/li><\/ol><h3><strong>5. Weitergabe von Daten an Dritte<\/strong><\/h3><ul data-spread=\"false\"><li><p><strong>Keine Weitergabe oder Verkauf:<\/strong> Wir verkaufen Ihre personenbezogenen Daten nicht und geben sie nicht an Dritte weiter, es sei denn, dies ist gesetzlich vorgeschrieben.<\/p><\/li><li><p><strong>Hosting und Verwaltung:<\/strong> Alle unsere Daten werden in Rechenzentren in den Niederlanden gehostet und verbleiben vollst\u00e4ndig unter der Verantwortung von DialXL.<\/p><\/li><\/ul><h3><strong>6. \u00dcbermittlung au\u00dferhalb des EWR<\/strong><\/h3><p>Wir verarbeiten und speichern personenbezogene Daten innerhalb des Europ\u00e4ischen Wirtschaftsraums (EWR). Obwohl unser Entwicklungs- und Designteam international ist, erfolgen Speicherung und Verarbeitung ausschlie\u00dflich in den Niederlanden, in \u00dcbereinstimmung mit der DSGVO.<\/p><h3><strong>7. Sicherheit<\/strong><\/h3><p>DialXL und das Rechenzentrum in den Niederlanden arbeiten in \u00dcbereinstimmung mit <strong>ISO 27001, ISO 27701 und ISO 9001<\/strong>. Wir treffen geeignete technische und organisatorische Ma\u00dfnahmen, um Ihre Daten vor unbefugtem Zugriff, Verlust oder unrechtm\u00e4\u00dfiger Verarbeitung zu sch\u00fctzen. Beispiele hierf\u00fcr sind:<\/p><ul data-spread=\"false\"><li><p>Verschl\u00fcsselte Verbindungen (SSL)<\/p><\/li><li><p>Zugangsbeschr\u00e4nkungen<\/p><\/li><li><p>Strenge Sicherheitsprotokolle<\/p><\/li><\/ul><h3><strong>8. Ihre Rechte<\/strong><\/h3><p>Als betroffene Person haben Sie nach der DSGVO folgende Rechte:<\/p><ol start=\"1\" data-spread=\"false\"><li><p><strong>Recht auf Auskunft:<\/strong> Sie k\u00f6nnen eine Kopie der personenbezogenen Daten anfordern, die wir \u00fcber Sie verarbeiten.<\/p><\/li><li><p><strong>Recht auf Berichtigung:<\/strong> Sie k\u00f6nnen unrichtige oder unvollst\u00e4ndige Daten korrigieren lassen.<\/p><\/li><li><p><strong>Recht auf L\u00f6schung (&#8220;Recht auf Vergessenwerden&#8221;):<\/strong> Sie k\u00f6nnen die L\u00f6schung Ihrer personenbezogenen Daten verlangen.<\/p><\/li><li><p><strong>Recht auf Einschr\u00e4nkung der Verarbeitung:<\/strong> Unter bestimmten Voraussetzungen k\u00f6nnen Sie die Einschr\u00e4nkung der Verarbeitung Ihrer Daten verlangen.<\/p><\/li><li><p><strong>Recht auf Widerspruch:<\/strong> Sie k\u00f6nnen der (weiteren) Verarbeitung Ihrer Daten widersprechen.<\/p><\/li><li><p><strong>Recht auf Daten\u00fcbertragbarkeit:<\/strong> Soweit anwendbar, k\u00f6nnen Sie die Herausgabe Ihrer Daten in einem g\u00e4ngigen Format verlangen und diese an Dritte \u00fcbertragen (lassen).<\/p><\/li><\/ol><p>Wenn Sie eines dieser Rechte aus\u00fcben m\u00f6chten, wenden Sie sich bitte unter Angabe Ihres Anliegens an <a><strong>gdpr@dialXL.com<\/strong><\/a>. Bitte geben Sie klar an, welches Recht Sie geltend machen m\u00f6chten und f\u00fcgen Sie ggf. weitere Informationen bei, damit wir Ihre Anfrage pr\u00fcfen k\u00f6nnen.<\/p><p>Sollten Sie der Ansicht sein, dass wir Ihre personenbezogenen Daten nicht korrekt verarbeiten, haben Sie das Recht, eine Beschwerde bei der zust\u00e4ndigen Aufsichtsbeh\u00f6rde einzureichen. In den Niederlanden ist dies die <strong>Autoriteit Persoonsgegevens<\/strong>.<\/p><h3><strong>9. Cookies<\/strong><\/h3><p>Wir verwenden ausschlie\u00dflich <strong>funktionale Cookies<\/strong>, die f\u00fcr den Betrieb unserer Website erforderlich sind. Diese sorgen daf\u00fcr, dass die Seite ordnungsgem\u00e4\u00df funktioniert und ggf. Ihre Einstellungen (wenn anwendbar) gespeichert werden. Es werden keine Marketing- oder Tracking-Cookies eingesetzt.<\/p><h3><strong>10. Automatisierte Entscheidungsfindung und Profiling<\/strong><\/h3><p>Wir verwenden keine automatisierte Entscheidungsfindung oder Profiling, die sich erheblich auf Sie auswirken k\u00f6nnten.<\/p><h3><strong>11. Verfahren bei Datenpannen<\/strong><\/h3><p>DialXL hat ein internes <strong>Verfahren bei Datenpannen<\/strong>. Bei einer Sicherheitsverletzung oder einem Datenleck ergreifen wir umgehend Ma\u00dfnahmen und melden dies \u2013 sofern gesetzlich erforderlich \u2013 innerhalb von <strong>72 Stunden<\/strong> bei der zust\u00e4ndigen Aufsichtsbeh\u00f6rde und den betroffenen Personen, entsprechend den Vorgaben der DSGVO.<\/p><h3><strong>12. Fragen und Kontakt<\/strong><\/h3><p>Wenn Sie Fragen zu dieser Datenschutzerkl\u00e4rung haben oder sich \u00fcber unsere Verarbeitung Ihrer Daten beschweren m\u00f6chten, wenden Sie sich bitte an:<\/p><ul data-spread=\"false\"><li><p><strong>E-Mail-Adresse:<\/strong> <a>gdpr@dialXL.com<\/a><\/p><\/li><\/ul><h3><strong>13. \u00c4nderungen dieser Datenschutzerkl\u00e4rung<\/strong><\/h3><p>DialXL beh\u00e4lt sich das Recht vor, diese Datenschutzerkl\u00e4rung zu \u00e4ndern. Die jeweils aktuelle Version finden Sie jederzeit auf unserer Website. Wir empfehlen Ihnen, diese Erkl\u00e4rung regelm\u00e4\u00dfig einzusehen, um \u00fcber eventuelle \u00c4nderungen informiert zu bleiben.<\/p><p><strong>Version:<\/strong> 1.0<br \/><strong>Datum des Inkrafttretens:<\/strong> 2. Januar 2025<\/p>\t\t\t\t\t\t\t\t<\/div>\n\t\t\t\t<\/div>\n\t\t\t\t<div class=\"elementor-element elementor-element-bcb1c8f elementor-widget elementor-widget-text-editor\" data-id=\"bcb1c8f\" data-element_type=\"widget\" data-e-type=\"widget\" data-no-translation=\"\" data-widget_type=\"text-editor.default\">\n\t\t\t\t<div class=\"elementor-widget-container\">\n\t\t\t\t\t<style>.elementor-element-bcb1c8f{display:none !important}<\/style>\t\t\t\t<\/div>\n\t\t\t\t<\/div>\n\t\t\t\t\t<\/div>\n\t\t\t\t<\/div>\n\t\t\t\t<\/div>","protected":false},"excerpt":{"rendered":"<p>Privacy Policy Last Updated 01\/01\/2025 1. Who are we? DialXL (hereinafter referred to as &#8220;we&#8221; or &#8220;DialXL&#8221;) is responsible for processing personal [&hellip;]<\/p>","protected":false},"author":1,"featured_media":0,"parent":0,"menu_order":0,"comment_status":"closed","ping_status":"closed","template":"","meta":{"inline_featured_image":false,"footnotes":""},"class_list":["post-6455","page","type-page","status-publish","hentry"],"_links":{"self":[{"href":"https:\/\/www.dialxl.com\/de\/wp-json\/wp\/v2\/pages\/6455","targetHints":{"allow":["GET"]}}],"collection":[{"href":"https:\/\/www.dialxl.com\/de\/wp-json\/wp\/v2\/pages"}],"about":[{"href":"https:\/\/www.dialxl.com\/de\/wp-json\/wp\/v2\/types\/page"}],"author":[{"embeddable":true,"href":"https:\/\/www.dialxl.com\/de\/wp-json\/wp\/v2\/users\/1"}],"replies":[{"embeddable":true,"href":"https:\/\/www.dialxl.com\/de\/wp-json\/wp\/v2\/comments?post=6455"}],"version-history":[{"count":14,"href":"https:\/\/www.dialxl.com\/de\/wp-json\/wp\/v2\/pages\/6455\/revisions"}],"predecessor-version":[{"id":8068,"href":"https:\/\/www.dialxl.com\/de\/wp-json\/wp\/v2\/pages\/6455\/revisions\/8068"}],"wp:attachment":[{"href":"https:\/\/www.dialxl.com\/de\/wp-json\/wp\/v2\/media?parent=6455"}],"curies":[{"name":"wp","href":"https:\/\/api.w.org\/{rel}","templated":true}]}}